{"id":1323,"date":"2024-06-19T17:42:46","date_gmt":"2024-06-19T10:42:46","guid":{"rendered":"https:\/\/visante.webcanhcam.vn\/?post_type=product&#038;p=1323"},"modified":"2024-07-22T22:54:57","modified_gmt":"2024-07-22T15:54:57","slug":"combo-dau-goi-dau-xa-danh-cho-toc-gau-da-dau-2","status":"publish","type":"product","link":"https:\/\/visante.webcanhcam.vn\/combo-dau-goi-dau-xa-danh-cho-toc-gau-da-dau-2\/","title":{"rendered":"Combo x\u1ecbt d\u01b0\u1ee1ng, t\u1ea9y, g\u1ed9i, x\u1ea3 ch\u0103m s\u00f3c t\u00f3c g\u00e0u, da d\u1ea7u"},"content":{"rendered":"","protected":false},"excerpt":{"rendered":"<p>&nbsp;<\/p>\n<div id=\"eJOY__extension_root\" class=\"eJOY__extension_root_class\" style=\"all: unset;\">\u00a0<\/div>\n","protected":false},"featured_media":1896,"comment_status":"open","ping_status":"closed","template":"","meta":[],"product_cat":[25],"product_tag":[],"class_list":{"0":"post-1323","1":"product","2":"type-product","3":"status-publish","4":"has-post-thumbnail","6":"product_cat-cham-soc-toc","8":"first","9":"instock","10":"shipping-taxable","11":"purchasable","12":"product-type-simple"},"acf":[],"aioseo_notices":[],"wc_data":{"type":"simple","price":"400000","regular_price":"400000","sale_price":"","currency":"VND","image":{"id":"1896","url":"https:\/\/visante.webcanhcam.vn\/wp-content\/uploads\/2024\/06\/13.png","alt":""},"gallery":[]},"child_products":[],"upsell_products":[],"related_products":[{"id":1320,"title":"Combo x\u1ecbt d\u01b0\u1ee1ng, g\u1ed9i, x\u1ea3 ch\u0103m s\u00f3c t\u00f3c g\u00e0u, da d\u1ea7u","price":"880000","image":"https:\/\/visante.webcanhcam.vn\/wp-content\/uploads\/2024\/06\/12.png","permalink":"https:\/\/visante.webcanhcam.vn\/combo-cham-soc-toc-danh-cho-toc-yeu-gay-rung\/"},{"id":1390,"title":"T\u1ea9y t\u1ebf b\u00e0o ch\u1ebft da \u0111\u1ea7u th\u1ea3o d\u01b0\u1ee3c l\u00e0m s\u1ea1ch s\u00e2u, gi\u1ea3m b\u00edt t\u1eafc","price":"230000","image":false,"permalink":"https:\/\/visante.webcanhcam.vn\/tay-te-bao-chet-da-dau-thao-duoc-lam-sach-sau-giam-bit-tac\/"},{"id":1314,"title":"Combo d\u1ea7u g\u1ed9i, d\u1ea7u x\u1ea3 ch\u0103m s\u00f3c t\u00f3c y\u1ebfu g\u00e3y r\u1ee5ng","price":"400000","image":"https:\/\/visante.webcanhcam.vn\/wp-content\/uploads\/2024\/06\/combo-3.png","permalink":"https:\/\/visante.webcanhcam.vn\/combo-dau-goi-dau-xa-danh-cho-toc-yeu-gay-rung\/"},{"id":1898,"title":"Combo t\u1ea9y t\u1ebf b\u00e0o ch\u1ebft da \u0111\u1ea7u, d\u1ea7u g\u1ed9i, d\u1ea7u x\u1ea3 ch\u0103m s\u00f3c t\u00f3c y\u1ebfu g\u00e3y r\u1ee5ng","price":431200,"image":"https:\/\/visante.webcanhcam.vn\/wp-content\/uploads\/2024\/07\/combo-5.png","permalink":"https:\/\/visante.webcanhcam.vn\/combo-cham-soc-toc-danh-cho-toc-yeu-gay-rung-2\/"},{"id":1890,"title":"Combo t\u1ea9y t\u1ebf b\u00e0o ch\u1ebft da \u0111\u1ea7u, d\u1ea7u g\u1ed9i, d\u1ea7u x\u1ea3 v\u00e0 x\u1ecbt d\u01b0\u1ee1ng ch\u0103m s\u00f3c t\u00f3c y\u1ebfu, g\u00e3y r\u1ee5ng","price":939600,"image":"https:\/\/visante.webcanhcam.vn\/wp-content\/uploads\/2024\/06\/11-1.png","permalink":"https:\/\/visante.webcanhcam.vn\/combo-tay-te-bao-chet-da-dau-goi-dau-xa-xit-duong-danh-cho-toc-yeu-gay-rung\/"},{"id":1317,"title":"Combo d\u1ea7u g\u1ed9i, d\u1ea7u x\u1ea3 ch\u0103m s\u00f3c t\u00f3c g\u00e0u, da d\u1ea7u","price":"630000","image":"https:\/\/visante.webcanhcam.vn\/wp-content\/uploads\/2024\/06\/combo-4-1.png","permalink":"https:\/\/visante.webcanhcam.vn\/combo-dau-goi-dau-xa-danh-cho-toc-gau-da-dau\/"}],"_links":{"self":[{"href":"https:\/\/visante.webcanhcam.vn\/en\/wp-json\/wp\/v2\/product\/1323","targetHints":{"allow":["GET"]}}],"collection":[{"href":"https:\/\/visante.webcanhcam.vn\/en\/wp-json\/wp\/v2\/product"}],"about":[{"href":"https:\/\/visante.webcanhcam.vn\/en\/wp-json\/wp\/v2\/types\/product"}],"replies":[{"embeddable":true,"href":"https:\/\/visante.webcanhcam.vn\/en\/wp-json\/wp\/v2\/comments?post=1323"}],"wp:featuredmedia":[{"embeddable":true,"href":"https:\/\/visante.webcanhcam.vn\/en\/wp-json\/wp\/v2\/media\/1896"}],"wp:attachment":[{"href":"https:\/\/visante.webcanhcam.vn\/en\/wp-json\/wp\/v2\/media?parent=1323"}],"wp:term":[{"taxonomy":"product_cat","embeddable":true,"href":"https:\/\/visante.webcanhcam.vn\/en\/wp-json\/wp\/v2\/product_cat?post=1323"},{"taxonomy":"product_tag","embeddable":true,"href":"https:\/\/visante.webcanhcam.vn\/en\/wp-json\/wp\/v2\/product_tag?post=1323"}],"curies":[{"name":"wp","href":"https:\/\/api.w.org\/{rel}","templated":true}]}}