{"id":1366,"date":"2024-06-21T10:19:31","date_gmt":"2024-06-21T03:19:31","guid":{"rendered":"https:\/\/visante.webcanhcam.vn\/?post_type=product&#038;p=1366"},"modified":"2025-08-01T17:53:59","modified_gmt":"2025-08-01T10:53:59","slug":"dau-goi-thao-duoc-phu-hop-toc-yeu-gay-rung","status":"publish","type":"product","link":"https:\/\/visante.webcanhcam.vn\/dau-goi-thao-duoc-phu-hop-toc-yeu-gay-rung\/","title":{"rendered":"D\u1ea7u g\u1ed9i th\u1ea3o d\u01b0\u1ee3c ph\u00f9 h\u1ee3p t\u00f3c y\u1ebfu, g\u00e3y r\u1ee5ng SAU KHI THAY \u0110\u1ed4I"},"content":{"rendered":"<p><strong>D\u1ea7u g\u1ed9i th\u1ea3o d\u01b0\u1ee3c d\u00e0nh cho t\u00f3c y\u1ebfu, g\u00e3y r\u1ee5ng <\/strong>c\u1ee7a visante gi\u00fap l\u00e0m s\u1ea1ch t\u00f3c v\u00e0 da \u0111\u1ea7u, cung c\u1ea5p d\u01b0\u1ee1ng ch\u1ea5t cho t\u00f3c v\u00e0 da \u0111\u1ea7u &amp; gi\u00fap ph\u1ee5c h\u1ed3i t\u00f3c b\u1ecb kh\u00f4, x\u01a1, h\u01b0 t\u1ed5n c\u0169ng nh\u01b0 gi\u1ea3m v\u00e0 ng\u0103n ng\u1eeba r\u1ee5ng t\u00f3c.<\/p>\n","protected":false},"excerpt":{"rendered":"<p>&nbsp;<\/p>\n<div id=\"eJOY__extension_root\" class=\"eJOY__extension_root_class\" style=\"all: unset;\">\u00a0<\/div>\n","protected":false},"featured_media":1882,"comment_status":"open","ping_status":"closed","template":"","meta":[],"product_cat":[53],"product_tag":[],"class_list":{"0":"post-1366","1":"product","2":"type-product","3":"status-publish","4":"has-post-thumbnail","6":"product_cat-san-pham-combo","8":"first","9":"instock","10":"shipping-taxable","11":"purchasable","12":"product-type-variable"},"acf":[],"aioseo_notices":[],"wc_data":{"type":"variable","price":"200000","regular_price":"","sale_price":"","currency":"VND","image":{"id":"1882","url":"https:\/\/visante.webcanhcam.vn\/wp-content\/uploads\/2024\/06\/Dau-goi-toc-gay-rung-2.png","alt":""},"gallery":[{"id":1904,"url":"https:\/\/visante.webcanhcam.vn\/wp-content\/uploads\/2024\/05\/Banner-video-.png","alt":""},{"id":1882,"url":"https:\/\/visante.webcanhcam.vn\/wp-content\/uploads\/2024\/06\/Dau-goi-toc-gay-rung-2.png","alt":""}]},"child_products":[{"id":2088,"title":"D\u1ea7u g\u1ed9i th\u1ea3o d\u01b0\u1ee3c ph\u00f9 h\u1ee3p t\u00f3c y\u1ebfu, g\u00e3y r\u1ee5ng SAU KHI THAY \u0110\u1ed4I","price":"500000","attributes":[{"id":2,"name":"Tr\u1ecdng l\u01b0\u1ee3ng","slug":"pa_trong-luong","position":0,"visible":true,"variation":true,"options":["1kg"]},{"id":4,"name":"M\u00e0u s\u1eafc","slug":"pa_mau-sac","position":0,"visible":true,"variation":true,"options":[""]},{"id":5,"name":"V\u1ea3i","slug":"pa_vai","position":0,"visible":true,"variation":true,"options":[""]}]},{"id":2089,"title":"D\u1ea7u g\u1ed9i th\u1ea3o d\u01b0\u1ee3c ph\u00f9 h\u1ee3p t\u00f3c y\u1ebfu, g\u00e3y r\u1ee5ng SAU KHI THAY \u0110\u1ed4I","price":"200000","attributes":[{"id":2,"name":"Tr\u1ecdng l\u01b0\u1ee3ng","slug":"pa_trong-luong","position":0,"visible":true,"variation":true,"options":["200g"]},{"id":4,"name":"M\u00e0u s\u1eafc","slug":"pa_mau-sac","position":0,"visible":true,"variation":true,"options":[""]},{"id":5,"name":"V\u1ea3i","slug":"pa_vai","position":0,"visible":true,"variation":true,"options":[""]}]},{"id":2090,"title":"D\u1ea7u g\u1ed9i th\u1ea3o d\u01b0\u1ee3c ph\u00f9 h\u1ee3p t\u00f3c y\u1ebfu, g\u00e3y r\u1ee5ng SAU KHI THAY \u0110\u1ed4I","price":"500000","attributes":[{"id":2,"name":"Tr\u1ecdng l\u01b0\u1ee3ng","slug":"pa_trong-luong","position":0,"visible":true,"variation":true,"options":[""]},{"id":4,"name":"M\u00e0u s\u1eafc","slug":"pa_mau-sac","position":0,"visible":true,"variation":true,"options":[""]},{"id":5,"name":"V\u1ea3i","slug":"pa_vai","position":0,"visible":true,"variation":true,"options":[""]}]},{"id":2091,"title":"D\u1ea7u g\u1ed9i th\u1ea3o d\u01b0\u1ee3c ph\u00f9 h\u1ee3p t\u00f3c y\u1ebfu, g\u00e3y r\u1ee5ng SAU KHI THAY \u0110\u1ed4I","price":"500000","attributes":[{"id":2,"name":"Tr\u1ecdng l\u01b0\u1ee3ng","slug":"pa_trong-luong","position":0,"visible":true,"variation":true,"options":[""]},{"id":4,"name":"M\u00e0u s\u1eafc","slug":"pa_mau-sac","position":0,"visible":true,"variation":true,"options":[""]},{"id":5,"name":"V\u1ea3i","slug":"pa_vai","position":0,"visible":true,"variation":true,"options":[""]}]}],"upsell_products":[],"related_products":[],"_links":{"self":[{"href":"https:\/\/visante.webcanhcam.vn\/en\/wp-json\/wp\/v2\/product\/1366","targetHints":{"allow":["GET"]}}],"collection":[{"href":"https:\/\/visante.webcanhcam.vn\/en\/wp-json\/wp\/v2\/product"}],"about":[{"href":"https:\/\/visante.webcanhcam.vn\/en\/wp-json\/wp\/v2\/types\/product"}],"replies":[{"embeddable":true,"href":"https:\/\/visante.webcanhcam.vn\/en\/wp-json\/wp\/v2\/comments?post=1366"}],"wp:featuredmedia":[{"embeddable":true,"href":"https:\/\/visante.webcanhcam.vn\/en\/wp-json\/wp\/v2\/media\/1882"}],"wp:attachment":[{"href":"https:\/\/visante.webcanhcam.vn\/en\/wp-json\/wp\/v2\/media?parent=1366"}],"wp:term":[{"taxonomy":"product_cat","embeddable":true,"href":"https:\/\/visante.webcanhcam.vn\/en\/wp-json\/wp\/v2\/product_cat?post=1366"},{"taxonomy":"product_tag","embeddable":true,"href":"https:\/\/visante.webcanhcam.vn\/en\/wp-json\/wp\/v2\/product_tag?post=1366"}],"curies":[{"name":"wp","href":"https:\/\/api.w.org\/{rel}","templated":true}]}}