{"id":1390,"date":"2024-06-21T15:36:26","date_gmt":"2024-06-21T08:36:26","guid":{"rendered":"https:\/\/visante.webcanhcam.vn\/?post_type=product&#038;p=1390"},"modified":"2025-10-28T09:34:42","modified_gmt":"2025-10-28T02:34:42","slug":"tay-te-bao-chet-da-dau-thao-duoc-lam-sach-sau-giam-bit-tac","status":"publish","type":"product","link":"https:\/\/visante.webcanhcam.vn\/tay-te-bao-chet-da-dau-thao-duoc-lam-sach-sau-giam-bit-tac\/","title":{"rendered":"T\u1ea9y t\u1ebf b\u00e0o ch\u1ebft da \u0111\u1ea7u th\u1ea3o d\u01b0\u1ee3c l\u00e0m s\u1ea1ch s\u00e2u, gi\u1ea3m b\u00edt t\u1eafc"},"content":{"rendered":"","protected":false},"excerpt":{"rendered":"<p><b>T\u1ea9y t\u1ebf b\u00e0o ch\u1ebft da \u0111\u1ea7u th\u1ea3o d\u01b0\u1ee3c\u00a0<\/b>c\u1ee7a visante gi\u00fap lo\u1ea1i b\u1ecf c\u00e1c t\u1ebf b\u00e0o ch\u1ebft nh\u1eb9 nh\u00e0ng, l\u00e0m s\u1ea1ch s\u00e2u, gi\u1ea3m b\u00edt t\u1eafc ch\u00e2n t\u00f3c, th\u00f4ng tho\u00e1ng da \u0111\u1ea7u; gi\u00fap ng\u0103n ng\u1eeba g\u00e0u, gi\u1ea3m t\u00ecnh tr\u1ea1ng ng\u1ee9a da \u0111\u1ea7u, gi\u1ea3m g\u00e3y r\u1ee5ng, gi\u00fap t\u00f3c ch\u1eafc kh\u1ecfe h\u01a1n.<\/p>\n<div id=\"eJOY__extension_root\" class=\"eJOY__extension_root_class\" style=\"all: unset;\">\u00a0<\/div>\n","protected":false},"featured_media":0,"comment_status":"open","ping_status":"closed","template":"","meta":[],"product_cat":[25,57],"product_tag":[],"class_list":{"0":"post-1390","1":"product","2":"type-product","3":"status-publish","5":"product_cat-cham-soc-toc","6":"product_cat-dau-xa","8":"first","9":"instock","10":"sale","11":"shipping-taxable","12":"purchasable","13":"product-type-simple"},"acf":[],"aioseo_notices":[],"wc_data":{"type":"simple","price":"230000","regular_price":"250000","sale_price":"230000","currency":"VND","image":null,"gallery":[{"id":2110,"url":"https:\/\/visante.webcanhcam.vn\/wp-content\/uploads\/2024\/10\/1-1.jpg","alt":""}]},"child_products":[],"upsell_products":[],"related_products":[{"id":1890,"title":"Combo t\u1ea9y t\u1ebf b\u00e0o ch\u1ebft da \u0111\u1ea7u, d\u1ea7u g\u1ed9i, d\u1ea7u x\u1ea3 v\u00e0 x\u1ecbt d\u01b0\u1ee1ng ch\u0103m s\u00f3c t\u00f3c y\u1ebfu, g\u00e3y r\u1ee5ng","price":939600,"image":"https:\/\/visante.webcanhcam.vn\/wp-content\/uploads\/2024\/06\/11-1.png","permalink":"https:\/\/visante.webcanhcam.vn\/combo-tay-te-bao-chet-da-dau-goi-dau-xa-xit-duong-danh-cho-toc-yeu-gay-rung\/"},{"id":1323,"title":"Combo x\u1ecbt d\u01b0\u1ee1ng, t\u1ea9y, g\u1ed9i, x\u1ea3 ch\u0103m s\u00f3c t\u00f3c g\u00e0u, da d\u1ea7u","price":"400000","image":"https:\/\/visante.webcanhcam.vn\/wp-content\/uploads\/2024\/06\/13.png","permalink":"https:\/\/visante.webcanhcam.vn\/combo-dau-goi-dau-xa-danh-cho-toc-gau-da-dau-2\/"},{"id":1317,"title":"Combo d\u1ea7u g\u1ed9i, d\u1ea7u x\u1ea3 ch\u0103m s\u00f3c t\u00f3c g\u00e0u, da d\u1ea7u","price":"630000","image":"https:\/\/visante.webcanhcam.vn\/wp-content\/uploads\/2024\/06\/combo-4-1.png","permalink":"https:\/\/visante.webcanhcam.vn\/combo-dau-goi-dau-xa-danh-cho-toc-gau-da-dau\/"},{"id":1320,"title":"Combo x\u1ecbt d\u01b0\u1ee1ng, g\u1ed9i, x\u1ea3 ch\u0103m s\u00f3c t\u00f3c g\u00e0u, da d\u1ea7u","price":"880000","image":"https:\/\/visante.webcanhcam.vn\/wp-content\/uploads\/2024\/06\/12.png","permalink":"https:\/\/visante.webcanhcam.vn\/combo-cham-soc-toc-danh-cho-toc-yeu-gay-rung\/"},{"id":1314,"title":"Combo d\u1ea7u g\u1ed9i, d\u1ea7u x\u1ea3 ch\u0103m s\u00f3c t\u00f3c y\u1ebfu g\u00e3y r\u1ee5ng","price":"400000","image":"https:\/\/visante.webcanhcam.vn\/wp-content\/uploads\/2024\/06\/combo-3.png","permalink":"https:\/\/visante.webcanhcam.vn\/combo-dau-goi-dau-xa-danh-cho-toc-yeu-gay-rung\/"},{"id":1898,"title":"Combo t\u1ea9y t\u1ebf b\u00e0o ch\u1ebft da \u0111\u1ea7u, d\u1ea7u g\u1ed9i, d\u1ea7u x\u1ea3 ch\u0103m s\u00f3c t\u00f3c y\u1ebfu g\u00e3y r\u1ee5ng","price":431200,"image":"https:\/\/visante.webcanhcam.vn\/wp-content\/uploads\/2024\/07\/combo-5.png","permalink":"https:\/\/visante.webcanhcam.vn\/combo-cham-soc-toc-danh-cho-toc-yeu-gay-rung-2\/"},{"id":1377,"title":"D\u1ea7u x\u1ea3 th\u1ea3o d\u01b0\u1ee3c d\u01b0\u1ee1ng t\u00f3c ch\u1eafc kh\u1ecfe","price":"300000","image":"https:\/\/visante.webcanhcam.vn\/wp-content\/uploads\/2024\/06\/Dau-xa-duong-toc-chac-khoe-7.png","permalink":"https:\/\/visante.webcanhcam.vn\/dau-xa-thao-duoc-duong-toc-chac-khoe\/"},{"id":956,"title":"D\u1ea7u x\u1ea3 th\u1ea3o d\u01b0\u1ee3c su\u00f4n m\u01b0\u1ee3t b\u1ed3ng b\u1ec1nh","price":"280000","image":"https:\/\/visante.webcanhcam.vn\/wp-content\/uploads\/2024\/06\/xa-bong-benh.png","permalink":"https:\/\/visante.webcanhcam.vn\/dau-xa-thao-duoc-suon-muot-bong-benh\/"}],"_links":{"self":[{"href":"https:\/\/visante.webcanhcam.vn\/en\/wp-json\/wp\/v2\/product\/1390","targetHints":{"allow":["GET"]}}],"collection":[{"href":"https:\/\/visante.webcanhcam.vn\/en\/wp-json\/wp\/v2\/product"}],"about":[{"href":"https:\/\/visante.webcanhcam.vn\/en\/wp-json\/wp\/v2\/types\/product"}],"replies":[{"embeddable":true,"href":"https:\/\/visante.webcanhcam.vn\/en\/wp-json\/wp\/v2\/comments?post=1390"}],"wp:attachment":[{"href":"https:\/\/visante.webcanhcam.vn\/en\/wp-json\/wp\/v2\/media?parent=1390"}],"wp:term":[{"taxonomy":"product_cat","embeddable":true,"href":"https:\/\/visante.webcanhcam.vn\/en\/wp-json\/wp\/v2\/product_cat?post=1390"},{"taxonomy":"product_tag","embeddable":true,"href":"https:\/\/visante.webcanhcam.vn\/en\/wp-json\/wp\/v2\/product_tag?post=1390"}],"curies":[{"name":"wp","href":"https:\/\/api.w.org\/{rel}","templated":true}]}}