{"id":956,"date":"2024-06-11T11:50:55","date_gmt":"2024-06-11T04:50:55","guid":{"rendered":"https:\/\/visante.webcanhcam.vn\/?post_type=product&#038;p=956"},"modified":"2025-10-03T11:19:10","modified_gmt":"2025-10-03T04:19:10","slug":"dau-xa-thao-duoc-suon-muot-bong-benh","status":"publish","type":"product","link":"https:\/\/visante.webcanhcam.vn\/dau-xa-thao-duoc-suon-muot-bong-benh\/","title":{"rendered":"D\u1ea7u x\u1ea3 th\u1ea3o d\u01b0\u1ee3c su\u00f4n m\u01b0\u1ee3t b\u1ed3ng b\u1ec1nh"},"content":{"rendered":"<p><b>D\u1ea7u x\u1ea3 th\u1ea3o d\u01b0\u1ee3c su\u00f4n m\u01b0\u1ee3t b\u1ed3ng b\u1ec1nh <\/b><span style=\"font-weight: 400;\">c\u1ee7a visante gi\u00fap ph\u1ee5c h\u1ed3i t\u00f3c, gi\u00fap b\u1ea3o v\u1ec7, d\u01b0\u1ee1ng \u1ea9m &amp; gi\u1ea3m r\u1ed1i cho t\u00f3c, gi\u00fap m\u00e1i t\u00f3c b\u1ea1n tr\u00f4ng d\u00e0y, \u00f3ng \u1ea3 v\u00e0 su\u00f4n m\u01b0\u1ee3t h\u01a1n.<\/span><\/p>\n","protected":false},"excerpt":{"rendered":"<p>D\u1ea7u x\u1ea3 th\u1ea3o d\u01b0\u1ee3c su\u00f4n m\u01b0\u1ee3t b\u1ed3ng b\u1ec1nh c\u1ee7a visante gi\u00fap ph\u1ee5c h\u1ed3i t\u00f3c, gi\u00fap b\u1ea3o v\u1ec7, d\u01b0\u1ee1ng \u1ea9m &amp; gi\u1ea3m r\u1ed1i cho t\u00f3c, gi\u00fap m\u00e1i t\u00f3c b\u1ea1n tr\u00f4ng d\u00e0y, \u00f3ng \u1ea3 v\u00e0 su\u00f4n m\u01b0\u1ee3t h\u01a1n.<\/p>\n","protected":false},"featured_media":1864,"comment_status":"open","ping_status":"closed","template":"","meta":[],"product_cat":[57],"product_tag":[],"class_list":{"0":"post-956","1":"product","2":"type-product","3":"status-publish","4":"has-post-thumbnail","6":"product_cat-dau-xa","8":"first","9":"instock","10":"shipping-taxable","11":"purchasable","12":"product-type-simple"},"acf":[],"aioseo_notices":[],"wc_data":{"type":"simple","price":"280000","regular_price":"280000","sale_price":"","currency":"VND","image":{"id":"1864","url":"https:\/\/visante.webcanhcam.vn\/wp-content\/uploads\/2024\/06\/xa-bong-benh.png","alt":""},"gallery":[]},"child_products":[],"upsell_products":[],"related_products":[{"id":1377,"title":"D\u1ea7u x\u1ea3 th\u1ea3o d\u01b0\u1ee3c d\u01b0\u1ee1ng t\u00f3c ch\u1eafc kh\u1ecfe","price":"300000","image":"https:\/\/visante.webcanhcam.vn\/wp-content\/uploads\/2024\/06\/Dau-xa-duong-toc-chac-khoe-7.png","permalink":"https:\/\/visante.webcanhcam.vn\/dau-xa-thao-duoc-duong-toc-chac-khoe\/"},{"id":1390,"title":"T\u1ea9y t\u1ebf b\u00e0o ch\u1ebft da \u0111\u1ea7u th\u1ea3o d\u01b0\u1ee3c l\u00e0m s\u1ea1ch s\u00e2u, gi\u1ea3m b\u00edt t\u1eafc","price":"230000","image":false,"permalink":"https:\/\/visante.webcanhcam.vn\/tay-te-bao-chet-da-dau-thao-duoc-lam-sach-sau-giam-bit-tac\/"}],"_links":{"self":[{"href":"https:\/\/visante.webcanhcam.vn\/en\/wp-json\/wp\/v2\/product\/956","targetHints":{"allow":["GET"]}}],"collection":[{"href":"https:\/\/visante.webcanhcam.vn\/en\/wp-json\/wp\/v2\/product"}],"about":[{"href":"https:\/\/visante.webcanhcam.vn\/en\/wp-json\/wp\/v2\/types\/product"}],"replies":[{"embeddable":true,"href":"https:\/\/visante.webcanhcam.vn\/en\/wp-json\/wp\/v2\/comments?post=956"}],"wp:featuredmedia":[{"embeddable":true,"href":"https:\/\/visante.webcanhcam.vn\/en\/wp-json\/wp\/v2\/media\/1864"}],"wp:attachment":[{"href":"https:\/\/visante.webcanhcam.vn\/en\/wp-json\/wp\/v2\/media?parent=956"}],"wp:term":[{"taxonomy":"product_cat","embeddable":true,"href":"https:\/\/visante.webcanhcam.vn\/en\/wp-json\/wp\/v2\/product_cat?post=956"},{"taxonomy":"product_tag","embeddable":true,"href":"https:\/\/visante.webcanhcam.vn\/en\/wp-json\/wp\/v2\/product_tag?post=956"}],"curies":[{"name":"wp","href":"https:\/\/api.w.org\/{rel}","templated":true}]}}